{"id":27271,"date":"2025-12-16T09:27:46","date_gmt":"2025-12-16T09:27:46","guid":{"rendered":"https:\/\/rendes.hr\/?post_type=product&#038;p=27271"},"modified":"2026-04-15T07:08:28","modified_gmt":"2026-04-15T07:08:28","slug":"salica-zagreb","status":"publish","type":"product","link":"https:\/\/rendes.hr\/en\/product\/salica-zagreb\/","title":{"rendered":"\u0160alica Zagreb"},"content":{"rendered":"<p>Ako \u017eelite darovati uspomenu koja se ne stoji na zidu, ve\u0107 se \u017eivi svakoga dana, ova porculanska \u0161alica s motivom kule Lotr\u0161\u010dak pravi je izbor.<br \/>\nSimbol Gornjeg grada i duha Zagreba pretvoren je u nje\u017ean, svakodnevan ritual \u2013 jutarnju kavu ili \u010daj koji podsje\u0107a na \u0161etnje starim ulicama, zvuk topa u podne i posebne trenutke provedene u gradu koji se pamti srcem.<\/p>\n<p>Savr\u0161en poklon za drage prijatelje, uspomena koja grije ruke i budi emocije.<br \/>\n100% porculanski proizvod<\/p>\n","protected":false},"excerpt":{"rendered":"<p>Ako \u017eelite darovati uspomenu koja se ne stoji na zidu, ve\u0107 se \u017eivi svakoga dana, ova porculanska \u0161alica s motivom kule Lotr\u0161\u010dak pravi je izbor. Simbol Gornjeg grada i duha Zagreba pretvoren je u nje\u017ean, svakodnevan ritual \u2013 jutarnju kavu ili \u010daj koji podsje\u0107a na \u0161etnje starim ulicama, zvuk topa u podne i posebne trenutke [&hellip;]<\/p>\n","protected":false},"featured_media":27269,"template":"","meta":{"_acf_changed":false},"kolekcija":[],"product_brand":[],"product_cat":[41,1360],"product_tag":[],"class_list":{"0":"post-27271","1":"product","2":"type-product","3":"status-publish","4":"has-post-thumbnail","6":"product_cat-salice","7":"product_cat-suveniri","9":"first","10":"instock","11":"taxable","12":"shipping-taxable","13":"purchasable","14":"product-type-simple"},"acf":[],"wcpa_form_fields":null,"_links":{"self":[{"href":"https:\/\/rendes.hr\/en\/wp-json\/wp\/v2\/product\/27271","targetHints":{"allow":["GET"]}}],"collection":[{"href":"https:\/\/rendes.hr\/en\/wp-json\/wp\/v2\/product"}],"about":[{"href":"https:\/\/rendes.hr\/en\/wp-json\/wp\/v2\/types\/product"}],"version-history":[{"count":0,"href":"https:\/\/rendes.hr\/en\/wp-json\/wp\/v2\/product\/27271\/revisions"}],"wp:featuredmedia":[{"embeddable":true,"href":"https:\/\/rendes.hr\/en\/wp-json\/wp\/v2\/media\/27269"}],"wp:attachment":[{"href":"https:\/\/rendes.hr\/en\/wp-json\/wp\/v2\/media?parent=27271"}],"wp:term":[{"taxonomy":"kolekcija","embeddable":true,"href":"https:\/\/rendes.hr\/en\/wp-json\/wp\/v2\/kolekcija?post=27271"},{"taxonomy":"product_brand","embeddable":true,"href":"https:\/\/rendes.hr\/en\/wp-json\/wp\/v2\/product_brand?post=27271"},{"taxonomy":"product_cat","embeddable":true,"href":"https:\/\/rendes.hr\/en\/wp-json\/wp\/v2\/product_cat?post=27271"},{"taxonomy":"product_tag","embeddable":true,"href":"https:\/\/rendes.hr\/en\/wp-json\/wp\/v2\/product_tag?post=27271"}],"curies":[{"name":"wp","href":"https:\/\/api.w.org\/{rel}","templated":true}]}}