{"id":7317,"date":"2021-04-05T09:15:06","date_gmt":"2021-04-05T09:15:06","guid":{"rendered":"https:\/\/rendes.hr\/?post_type=product&#038;p=7317"},"modified":"2025-06-03T06:34:22","modified_gmt":"2025-06-03T06:34:22","slug":"poklon-bon-rendes-500kn","status":"publish","type":"product","link":"https:\/\/rendes.hr\/en\/product\/poklon-bon-rendes-500kn\/","title":{"rendered":"Poklon bon RENDES 70\u20ac"},"content":{"rendered":"<p>\u017deli\u0161 pokloniti ne\u0161to od na\u0161ih proizvoda sebi bliskoj osobi, a ne zna\u0161 \u0161to to\u010dno? Imamo rje\u0161enje za tebe.<\/p>\n<p>Odaberi poklon bon RENDES i mi ti po\u0161aljemo na mail elektronski kod koji se mo\u017ee iskoristiti pri kupnji u na\u0161oj web trgovini. Kod se upisuje u Blagajni prilikom pla\u0107anja na web shopu.<\/p>\n<p>Poklon bon vrijedi 12 mjeseci. Poklon bon RENDES je mogu\u0107e iskoristiti samo u web trgovini i nije ga mogu\u0107e zamijeniti za gotovinu. Prilikom kupnje manje od vrijednosti poklon bona, ne vra\u0107a se gotovina.<\/p>\n","protected":false},"excerpt":{"rendered":"<p>\u017deli\u0161 pokloniti ne\u0161to od na\u0161ih proizvoda sebi bliskoj osobi, a ne zna\u0161 \u0161to to\u010dno? Imamo rje\u0161enje za tebe. Odaberi poklon bon RENDES i mi ti po\u0161aljemo na mail elektronski kod koji se mo\u017ee iskoristiti pri kupnji u na\u0161oj web trgovini. Kod se upisuje u Blagajni prilikom pla\u0107anja na web shopu. Poklon bon vrijedi 12 mjeseci. [&hellip;]<\/p>\n","protected":false},"featured_media":6968,"template":"","meta":{"_acf_changed":false},"kolekcija":[],"product_brand":[],"product_cat":[700],"product_tag":[],"class_list":{"0":"post-7317","1":"product","2":"type-product","3":"status-publish","4":"has-post-thumbnail","6":"product_cat-poklon-bonovi","8":"first","9":"instock","10":"virtual","11":"taxable","12":"purchasable","13":"product-type-simple"},"acf":[],"wcpa_form_fields":null,"_links":{"self":[{"href":"https:\/\/rendes.hr\/en\/wp-json\/wp\/v2\/product\/7317","targetHints":{"allow":["GET"]}}],"collection":[{"href":"https:\/\/rendes.hr\/en\/wp-json\/wp\/v2\/product"}],"about":[{"href":"https:\/\/rendes.hr\/en\/wp-json\/wp\/v2\/types\/product"}],"version-history":[{"count":0,"href":"https:\/\/rendes.hr\/en\/wp-json\/wp\/v2\/product\/7317\/revisions"}],"wp:featuredmedia":[{"embeddable":true,"href":"https:\/\/rendes.hr\/en\/wp-json\/wp\/v2\/media\/6968"}],"wp:attachment":[{"href":"https:\/\/rendes.hr\/en\/wp-json\/wp\/v2\/media?parent=7317"}],"wp:term":[{"taxonomy":"kolekcija","embeddable":true,"href":"https:\/\/rendes.hr\/en\/wp-json\/wp\/v2\/kolekcija?post=7317"},{"taxonomy":"product_brand","embeddable":true,"href":"https:\/\/rendes.hr\/en\/wp-json\/wp\/v2\/product_brand?post=7317"},{"taxonomy":"product_cat","embeddable":true,"href":"https:\/\/rendes.hr\/en\/wp-json\/wp\/v2\/product_cat?post=7317"},{"taxonomy":"product_tag","embeddable":true,"href":"https:\/\/rendes.hr\/en\/wp-json\/wp\/v2\/product_tag?post=7317"}],"curies":[{"name":"wp","href":"https:\/\/api.w.org\/{rel}","templated":true}]}}